{"id":208,"date":"2017-08-22T11:20:11","date_gmt":"2017-08-22T11:20:11","guid":{"rendered":"http:\/\/demo.themefreesia.com\/idyllic-non-profit\/?page_id=208"},"modified":"2023-05-09T23:59:16","modified_gmt":"2023-05-09T21:59:16","slug":"about-us","status":"publish","type":"page","link":"https:\/\/www.kgsfv.de\/?page_id=208","title":{"rendered":"\u00dcber uns"},"content":{"rendered":"<p style=\"text-align: justify;\"><span style=\"font-size: 14pt;\">Der F\u00f6rderverein der KGS Holt mit Teilstandort in\u202fG\u00fcnhoven ist ein eingetragener und als gemeinn\u00fctzig anerkannter Verein. Sein Ziel ist die ideelle und finanzielle F\u00f6rderung und Unterst\u00fctzung der Sch\u00fcler an beiden Standorten. Die Gremien der Schule definieren, was f\u00fcr die Schule und insbesondere f\u00fcr die Kinder wichtig und w\u00fcnschenswert ist. Der erweiterte Vorstand des F\u00f6rdervereins besteht aus ehrenamtlichen Eltern unserer Schule.\u202f\u00a0<\/span><\/p>\n<p style=\"text-align: justify;\"><span style=\"font-size: 14pt;\">\u202f\u00a0<\/span><\/p>\n<p style=\"text-align: justify;\"><span style=\"font-size: 14pt;\"><b>Der F\u00f6rderverein finanziert zum Beispiel:\u202f<\/b>\u00a0<\/span><\/p>\n<ul>\n<li style=\"text-align: justify;\"><span style=\"font-size: 14pt;\">Zusch\u00fcsse zu Klassenfahren\u202f\u00a0<\/span><\/li>\n<li style=\"text-align: justify;\" data-leveltext=\"\uf0b7\" data-font=\"Symbol\" data-listid=\"1\" data-list-defn-props=\"{&quot;335552541&quot;:1,&quot;335559684&quot;:-2,&quot;335559685&quot;:720,&quot;335559991&quot;:360,&quot;469769226&quot;:&quot;Symbol&quot;,&quot;469769242&quot;:[8226],&quot;469777803&quot;:&quot;left&quot;,&quot;469777804&quot;:&quot;\uf0b7&quot;,&quot;469777815&quot;:&quot;multilevel&quot;}\" aria-setsize=\"-1\" data-aria-posinset=\"2\" data-aria-level=\"1\"><span style=\"font-size: 14pt;\" data-contrast=\"none\">Projekte, wie z.B. das Anti-Aggressionstraining oder das Zirkusprojekt\u202f<\/span><\/li>\n<li style=\"text-align: justify;\" data-leveltext=\"\uf0b7\" data-font=\"Symbol\" data-listid=\"1\" data-list-defn-props=\"{&quot;335552541&quot;:1,&quot;335559684&quot;:-2,&quot;335559685&quot;:720,&quot;335559991&quot;:360,&quot;469769226&quot;:&quot;Symbol&quot;,&quot;469769242&quot;:[8226],&quot;469777803&quot;:&quot;left&quot;,&quot;469777804&quot;:&quot;\uf0b7&quot;,&quot;469777815&quot;:&quot;multilevel&quot;}\" aria-setsize=\"-1\" data-aria-posinset=\"1\" data-aria-level=\"1\"><span style=\"font-size: 14pt;\">Sport- und Spielger\u00e4te\u202f\u00a0<\/span><\/li>\n<li style=\"text-align: justify;\" data-leveltext=\"\uf0b7\" data-font=\"Symbol\" data-listid=\"1\" data-list-defn-props=\"{&quot;335552541&quot;:1,&quot;335559684&quot;:-2,&quot;335559685&quot;:720,&quot;335559991&quot;:360,&quot;469769226&quot;:&quot;Symbol&quot;,&quot;469769242&quot;:[8226],&quot;469777803&quot;:&quot;left&quot;,&quot;469777804&quot;:&quot;\uf0b7&quot;,&quot;469777815&quot;:&quot;multilevel&quot;}\" aria-setsize=\"-1\" data-aria-posinset=\"2\" data-aria-level=\"1\"><span style=\"font-size: 14pt;\">Versch\u00f6nerungsma\u00dfnahmen aller Art\u202f\u00a0<\/span><\/li>\n<li style=\"text-align: justify;\" data-leveltext=\"\uf0b7\" data-font=\"Symbol\" data-listid=\"1\" data-list-defn-props=\"{&quot;335552541&quot;:1,&quot;335559684&quot;:-2,&quot;335559685&quot;:720,&quot;335559991&quot;:360,&quot;469769226&quot;:&quot;Symbol&quot;,&quot;469769242&quot;:[8226],&quot;469777803&quot;:&quot;left&quot;,&quot;469777804&quot;:&quot;\uf0b7&quot;,&quot;469777815&quot;:&quot;multilevel&quot;}\" aria-setsize=\"-1\" data-aria-posinset=\"3\" data-aria-level=\"1\"><span style=\"font-size: 14pt;\">Hilfe in H\u00e4rtef\u00e4llen\u202f\u00a0<\/span><\/li>\n<li style=\"text-align: justify;\" data-leveltext=\"\uf0b7\" data-font=\"Symbol\" data-listid=\"1\" data-list-defn-props=\"{&quot;335552541&quot;:1,&quot;335559684&quot;:-2,&quot;335559685&quot;:720,&quot;335559991&quot;:360,&quot;469769226&quot;:&quot;Symbol&quot;,&quot;469769242&quot;:[8226],&quot;469777803&quot;:&quot;left&quot;,&quot;469777804&quot;:&quot;\uf0b7&quot;,&quot;469777815&quot;:&quot;multilevel&quot;}\" aria-setsize=\"-1\" data-aria-posinset=\"4\" data-aria-level=\"1\"><span style=\"font-size: 14pt;\">Besondere Lernmittel\u202f\u00a0<\/span><\/li>\n<li style=\"text-align: justify;\" data-leveltext=\"\uf0b7\" data-font=\"Symbol\" data-listid=\"1\" data-list-defn-props=\"{&quot;335552541&quot;:1,&quot;335559684&quot;:-2,&quot;335559685&quot;:720,&quot;335559991&quot;:360,&quot;469769226&quot;:&quot;Symbol&quot;,&quot;469769242&quot;:[8226],&quot;469777803&quot;:&quot;left&quot;,&quot;469777804&quot;:&quot;\uf0b7&quot;,&quot;469777815&quot;:&quot;multilevel&quot;}\" aria-setsize=\"-1\" data-aria-posinset=\"5\" data-aria-level=\"1\"><span style=\"font-size: 14pt;\" data-contrast=\"none\">PC-Kurse und den PC-Schulungsraum<\/span><\/li>\n<li style=\"text-align: justify;\" data-leveltext=\"\uf0b7\" data-font=\"Symbol\" data-listid=\"1\" data-list-defn-props=\"{&quot;335552541&quot;:1,&quot;335559684&quot;:-2,&quot;335559685&quot;:720,&quot;335559991&quot;:360,&quot;469769226&quot;:&quot;Symbol&quot;,&quot;469769242&quot;:[8226],&quot;469777803&quot;:&quot;left&quot;,&quot;469777804&quot;:&quot;\uf0b7&quot;,&quot;469777815&quot;:&quot;multilevel&quot;}\" aria-setsize=\"-1\" data-aria-posinset=\"5\" data-aria-level=\"1\"><span style=\"font-size: 14pt;\" data-contrast=\"none\">Musikinstrumente<\/span><\/li>\n<li style=\"text-align: justify;\" data-leveltext=\"\uf0b7\" data-font=\"Symbol\" data-listid=\"1\" data-list-defn-props=\"{&quot;335552541&quot;:1,&quot;335559684&quot;:-2,&quot;335559685&quot;:720,&quot;335559991&quot;:360,&quot;469769226&quot;:&quot;Symbol&quot;,&quot;469769242&quot;:[8226],&quot;469777803&quot;:&quot;left&quot;,&quot;469777804&quot;:&quot;\uf0b7&quot;,&quot;469777815&quot;:&quot;multilevel&quot;}\" aria-setsize=\"-1\" data-aria-posinset=\"5\" data-aria-level=\"1\"><span style=\"font-size: 14pt;\" data-contrast=\"none\">Nikolauspr\u00e4sente f\u00fcr die Sch\u00fcler<\/span><\/li>\n<li style=\"text-align: justify;\" data-leveltext=\"\uf0b7\" data-font=\"Symbol\" data-listid=\"1\" data-list-defn-props=\"{&quot;335552541&quot;:1,&quot;335559684&quot;:-2,&quot;335559685&quot;:720,&quot;335559991&quot;:360,&quot;469769226&quot;:&quot;Symbol&quot;,&quot;469769242&quot;:[8226],&quot;469777803&quot;:&quot;left&quot;,&quot;469777804&quot;:&quot;\uf0b7&quot;,&quot;469777815&quot;:&quot;multilevel&quot;}\" aria-setsize=\"-1\" data-aria-posinset=\"5\" data-aria-level=\"1\"><span style=\"font-size: 14pt;\">etc.\u202f\u00a0<\/span><\/li>\n<\/ul>\n","protected":false},"excerpt":{"rendered":"<p>Der F\u00f6rderverein der KGS Holt mit Teilstandort in\u202fG\u00fcnhoven ist ein eingetragener und als gemeinn\u00fctzig anerkannter Verein. Sein Ziel ist die ideelle und finanzielle F\u00f6rderung und Unterst\u00fctzung der Sch\u00fcler an beiden Standorten. Die Gremien der Schule definieren, was f\u00fcr die Schule und insbesondere f\u00fcr die Kinder wichtig und w\u00fcnschenswert ist. Der&hellip; <\/p>\n","protected":false},"author":1,"featured_media":547,"parent":0,"menu_order":0,"comment_status":"closed","ping_status":"closed","template":"","meta":{"pgc_sgb_lightbox_settings":"","footnotes":""},"class_list":["post-208","page","type-page","status-publish","has-post-thumbnail","hentry"],"_links":{"self":[{"href":"https:\/\/www.kgsfv.de\/index.php?rest_route=\/wp\/v2\/pages\/208","targetHints":{"allow":["GET"]}}],"collection":[{"href":"https:\/\/www.kgsfv.de\/index.php?rest_route=\/wp\/v2\/pages"}],"about":[{"href":"https:\/\/www.kgsfv.de\/index.php?rest_route=\/wp\/v2\/types\/page"}],"author":[{"embeddable":true,"href":"https:\/\/www.kgsfv.de\/index.php?rest_route=\/wp\/v2\/users\/1"}],"replies":[{"embeddable":true,"href":"https:\/\/www.kgsfv.de\/index.php?rest_route=%2Fwp%2Fv2%2Fcomments&post=208"}],"version-history":[{"count":10,"href":"https:\/\/www.kgsfv.de\/index.php?rest_route=\/wp\/v2\/pages\/208\/revisions"}],"predecessor-version":[{"id":554,"href":"https:\/\/www.kgsfv.de\/index.php?rest_route=\/wp\/v2\/pages\/208\/revisions\/554"}],"wp:featuredmedia":[{"embeddable":true,"href":"https:\/\/www.kgsfv.de\/index.php?rest_route=\/wp\/v2\/media\/547"}],"wp:attachment":[{"href":"https:\/\/www.kgsfv.de\/index.php?rest_route=%2Fwp%2Fv2%2Fmedia&parent=208"}],"curies":[{"name":"wp","href":"https:\/\/api.w.org\/{rel}","templated":true}]}}